{"id":1631,"date":"2019-03-03T11:45:24","date_gmt":"2019-03-03T10:45:24","guid":{"rendered":"https:\/\/www.kalalumen.ch\/accueil\/?page_id=1631"},"modified":"2026-03-03T12:42:55","modified_gmt":"2026-03-03T11:42:55","slug":"presentation-2","status":"publish","type":"page","link":"https:\/\/www.kalalumen.ch\/accueil\/presentation-2\/","title":{"rendered":"Pr\u00e9sentation"},"content":{"rendered":"<p>[et_pb_section fb_built=\u00a0\u00bb1&Prime; _builder_version=\u00a0\u00bb4.16&Prime; background_color=\u00a0\u00bbrgba(0,0,0,0)\u00a0\u00bb background_size=\u00a0\u00bbinitial\u00a0\u00bb background_position=\u00a0\u00bbtop_center\u00a0\u00bb custom_padding=\u00a0\u00bb74px|0|0|0px|false|false\u00a0\u00bb border_color_all=\u00a0\u00bbrgba(224,153,0,0.34)\u00a0\u00bb border_width_top=\u00a0\u00bb1px\u00a0\u00bb global_colors_info=\u00a0\u00bb{}\u00a0\u00bb][et_pb_row column_structure=\u00a0\u00bb1_2,1_2&Prime; _builder_version=\u00a0\u00bb4.16&Prime; custom_padding=\u00a0\u00bb0px|21px|73px|0px|false|false\u00a0\u00bb global_colors_info=\u00a0\u00bb{}\u00a0\u00bb][et_pb_column type=\u00a0\u00bb1_2&Prime; _builder_version=\u00a0\u00bb4.16&Prime; custom_padding=\u00a0\u00bb|||\u00a0\u00bb global_colors_info=\u00a0\u00bb{}\u00a0\u00bb custom_padding__hover=\u00a0\u00bb|||\u00a0\u00bb][et_pb_image src=\u00a0\u00bbhttps:\/\/www.kalalumen.ch\/wp-content\/uploads\/2019\/03\/Portrait-spectacle-ok-copie.jpg\u00a0\u00bb show_bottom_space=\u00a0\u00bboff\u00a0\u00bb align_tablet=\u00a0\u00bbcenter\u00a0\u00bb align_phone=\u00a0\u00bb\u00a0\u00bb align_last_edited=\u00a0\u00bbon|desktop\u00a0\u00bb _builder_version=\u00a0\u00bb4.27.4&Prime; width=\u00a0\u00bb100%\u00a0\u00bb max_width=\u00a0\u00bb100%\u00a0\u00bb min_height=\u00a0\u00bb729px\u00a0\u00bb min_height_tablet=\u00a0\u00bb555px\u00a0\u00bb min_height_phone=\u00a0\u00bb182px\u00a0\u00bb min_height_last_edited=\u00a0\u00bbon|desktop\u00a0\u00bb height=\u00a0\u00bb381px\u00a0\u00bb max_height=\u00a0\u00bb385px\u00a0\u00bb custom_margin=\u00a0\u00bb51px|0px|0px||false|false\u00a0\u00bb custom_margin_tablet=\u00a0\u00bb||0px||false|false\u00a0\u00bb custom_margin_phone=\u00a0\u00bb|-9px|0px||false|false\u00a0\u00bb custom_margin_last_edited=\u00a0\u00bbon|desktop\u00a0\u00bb custom_padding=\u00a0\u00bb0px|3px|||false|false\u00a0\u00bb global_colors_info=\u00a0\u00bb{}\u00a0\u00bb][\/et_pb_image][\/et_pb_column][et_pb_column type=\u00a0\u00bb1_2&Prime; _builder_version=\u00a0\u00bb4.16&Prime; custom_padding=\u00a0\u00bb|||\u00a0\u00bb global_colors_info=\u00a0\u00bb{}\u00a0\u00bb custom_padding__hover=\u00a0\u00bb|||\u00a0\u00bb][et_pb_text _builder_version=\u00a0\u00bb4.27.4&Prime; text_font=\u00a0\u00bb|300|||||||\u00a0\u00bb text_text_color=\u00a0\u00bb#ffffff\u00a0\u00bb text_font_size=\u00a0\u00bb53px\u00a0\u00bb header_font=\u00a0\u00bb|300|||||||\u00a0\u00bb header_text_color=\u00a0\u00bb#ffffff\u00a0\u00bb header_font_size=\u00a0\u00bb34px\u00a0\u00bb header_2_font=\u00a0\u00bb|300|||||||\u00a0\u00bb header_2_font_size=\u00a0\u00bb28px\u00a0\u00bb header_3_font=\u00a0\u00bb||||||||\u00a0\u00bb header_4_font=\u00a0\u00bb||||||||\u00a0\u00bb background_color=\u00a0\u00bbRGBA(255,255,255,0)\u00a0\u00bb min_height=\u00a0\u00bb61.4px\u00a0\u00bb custom_margin=\u00a0\u00bb-8px||-23px|14px|false|false\u00a0\u00bb custom_margin_tablet=\u00a0\u00bb0px||-8px|0px\u00a0\u00bb custom_margin_phone=\u00a0\u00bb|||18px\u00a0\u00bb custom_margin_last_edited=\u00a0\u00bbon|tablet\u00a0\u00bb custom_padding=\u00a0\u00bb5px||0px|0px||\u00a0\u00bb custom_padding_tablet=\u00a0\u00bb|||19px\u00a0\u00bb custom_padding_phone=\u00a0\u00bb|||0px\u00a0\u00bb custom_padding_last_edited=\u00a0\u00bbon|phone\u00a0\u00bb text_font_size_tablet=\u00a0\u00bb\u00a0\u00bb text_font_size_phone=\u00a0\u00bb27px\u00a0\u00bb text_font_size_last_edited=\u00a0\u00bbon|phone\u00a0\u00bb header_font_size_tablet=\u00a0\u00bb\u00a0\u00bb header_font_size_phone=\u00a0\u00bb26px\u00a0\u00bb header_font_size_last_edited=\u00a0\u00bbon|desktop\u00a0\u00bb global_colors_info=\u00a0\u00bb{}\u00a0\u00bb]<\/p>\n<h1>Pr\u00e9sentation<\/h1>\n<p>[\/et_pb_text][et_pb_text _builder_version=\u00a0\u00bb4.27.4&Prime; text_font=\u00a0\u00bb||||||||\u00a0\u00bb text_text_color=\u00a0\u00bb#ffffff\u00a0\u00bb text_line_height=\u00a0\u00bb1.6em\u00a0\u00bb link_font=\u00a0\u00bb||||||||\u00a0\u00bb ul_font=\u00a0\u00bb||||||||\u00a0\u00bb ol_font=\u00a0\u00bb||||||||\u00a0\u00bb header_font=\u00a0\u00bb||||||||\u00a0\u00bb header_text_align=\u00a0\u00bbleft\u00a0\u00bb background_color=\u00a0\u00bbRGBA(255,255,255,0)\u00a0\u00bb width=\u00a0\u00bb100%\u00a0\u00bb min_height=\u00a0\u00bb605.8px\u00a0\u00bb custom_margin=\u00a0\u00bb11px|0px||0px|false|false\u00a0\u00bb custom_margin_tablet=\u00a0\u00bb26px|0px||0px\u00a0\u00bb custom_margin_phone=\u00a0\u00bb9px|0px||0px\u00a0\u00bb custom_margin_last_edited=\u00a0\u00bbon|tablet\u00a0\u00bb custom_padding=\u00a0\u00bb0px|6px|0px|4px|false|false\u00a0\u00bb text_font_size_tablet=\u00a0\u00bb\u00a0\u00bb text_font_size_phone=\u00a0\u00bb12px\u00a0\u00bb text_font_size_last_edited=\u00a0\u00bbon|desktop\u00a0\u00bb border_color_all=\u00a0\u00bbrgba(224,153,0,0.22)\u00a0\u00bb global_colors_info=\u00a0\u00bb{}\u00a0\u00bb]<\/p>\n<div class=\"et_pb_with_border et_pb_module et_pb_text et_pb_text_1  et_pb_text_align_left et_pb_bg_layout_light\">\n<div class=\"et_pb_text_inner\">\n<div class=\"et_pb_with_border et_pb_module et_pb_text et_pb_text_1  et_pb_text_align_left et_pb_bg_layout_light\">\n<div class=\"et_pb_text_inner\">\n<div class=\"et_pb_with_border et_pb_module et_pb_text et_pb_text_1  et_pb_text_align_left et_pb_bg_layout_light\">\n<div class=\"et_pb_text_inner\">\n<div class=\"et_pb_with_border et_pb_module et_pb_text et_pb_text_1  et_pb_text_align_left et_pb_bg_layout_light\">\n<div class=\"et_pb_text_inner\">\n<p style=\"text-align: justify;\">Sans aucune connaissance sc\u00e9nographique, Renato H\u00e4usler cr\u00e9e \u00abCh\u0153urs de Lumi\u00e8re\u00bb \u00e0 la Cath\u00e9drale de Lausanne en 2005. Totalement subjugu\u00e9s, 3\u2019000 spectateurs assistent \u00e0 un concert extraordinaire illumin\u00e9 par 2\u2019000 bougies, allum\u00e9es une \u00e0 une du d\u00e9but \u00e0 la fin du concert par 50 lampistes. Ce succ\u00e8s fulgurant lui ouvre les portes du Sacr\u00e9 <span data-huuid=\"5056490121064513366\">C\u0153ur<\/span> et de l\u2019\u00e9glise de Saint-Germain-des-Pr\u00e9s \u00e0 Paris, des cath\u00e9drales de Gen\u00e8ve, Monaco, Bordeaux, Chartres, Lille, Lu\u00e7on, Nantes, Noyon, Toul, Tours, Verdun et du ch\u00e2teau de Maintenon. En 20 ans, il a r\u00e9alis\u00e9 190 \u00e9v\u00e9nements, suivis par 310\u2019000 spectateurs. Plus de 100 concerts, dont \u00abLa Passion selon Saint Jean\u00bb (Jean-S\u00e9bastien Bach), \u00abLe Messie\u00bb (Georg-Friedrich Haendel), \u00abDidon &amp; En\u00e9e\u00bb (Henry Purcell), \u00abLes V\u00eapres\u00bb (Serge\u00ef Rachmaninov) jalonnent son parcours, mais \u00e9galement des pi\u00e8ces de th\u00e9\u00e2tre, des comm\u00e9morations historiques, des banquets et des animations en plein air. En octobre 2025,<a href=\"https:\/\/www.kalalumen.ch\/accueil\/9e-symphonie\/\">\u00a0<span style=\"text-decoration: underline;\">la 9e symphonie de Ludwig van Beethoven<\/span><\/a> lui inspire sa mise en sc\u00e8ne la plus aboutie :\u00a0150 lampistes\u00a0pour 4\u2019500 bougies r\u00e9parties en 9 tableaux lumineux. Ce concert exceptionnel s\u2019est inscrit dans les festivit\u00e9s du 750e anniversaire de la Cath\u00e9drale de Lausanne.<\/p>\n<p style=\"text-align: justify;\">Kalalumen, du gr\u00e9co-latin belle lumi\u00e8re, lui permet de r\u00e9aliser des illuminations somptueuses, reconnues pour leur incomparable beaut\u00e9 et pour l\u2019impact \u00e9motionnel qu\u2019elles provoquent. Soucieux d\u2019authenticit\u00e9, fid\u00e8le \u00e0 la flamme naturelle, il \u00e9vite tout artifice moderne. Ses cr\u00e9ations s\u2019adaptent aux \u00e9v\u00e9nements de grande ampleur comme aux plus modestes. M\u00e9lomane dans l\u2019\u00e2me, il se met au service de la musique qu\u2019il transcende \u00e0 travers des \u00e9clairages f\u00e9\u00e9riques plongeant le public dans une extase contemplative. Cette atmosph\u00e8re inimitable les emm\u00e8ne dans un monde merveilleux de r\u00eave suspendu, hors du temps.<\/p>\n<p style=\"text-align: justify;\">Ces artistes de renomm\u00e9e internationale ont fait confiance \u00e0 sa ma\u00eetrise:<br \/>Anny Duperey, Marthe Keller, Patricia Kopatchinskaja, Anne-Lise Gastaldi, Joanna Goodale, Jordi Savall, Piers Faccini, Michel Corboz, Jean-Guihen Queyras, Alexandre Tharaud, Philippe Berrod, Olivier Latry, Julien Laloux, Benjamin Righetti, Stefano Mhanna, le quatuor Terspsycordes, le <span data-huuid=\"5056490121064513366\">ch\u0153ur <\/span>Tenebrae.<\/p>\n<\/div>\n<\/div>\n<\/div>\n<\/div>\n<\/div>\n<\/div>\n<\/div>\n<\/div>\n<p>[\/et_pb_text][\/et_pb_column][\/et_pb_row][\/et_pb_section]<\/p>\n","protected":false},"excerpt":{"rendered":"<p>Pr\u00e9sentation Sans aucune connaissance sc\u00e9nographique, Renato H\u00e4usler cr\u00e9e \u00abCh\u0153urs de Lumi\u00e8re\u00bb \u00e0 la Cath\u00e9drale de Lausanne en 2005. Totalement subjugu\u00e9s, 3\u2019000 spectateurs assistent \u00e0 un concert extraordinaire illumin\u00e9 par 2\u2019000 bougies, allum\u00e9es une \u00e0 une du d\u00e9but \u00e0 la fin du concert par 50 lampistes. Ce succ\u00e8s fulgurant lui ouvre les portes du Sacr\u00e9 C\u0153ur [&hellip;]<\/p>\n","protected":false},"author":2,"featured_media":0,"parent":0,"menu_order":0,"comment_status":"closed","ping_status":"closed","template":"","meta":{"_et_pb_use_builder":"on","_et_pb_old_content":"","_et_gb_content_width":"","footnotes":""},"folder":[],"class_list":["post-1631","page","type-page","status-publish","hentry"],"yoast_head":"<!-- This site is optimized with the Yoast SEO plugin v27.4 - https:\/\/yoast.com\/product\/yoast-seo-wordpress\/ -->\n<title>Pr\u00e9sentation - Kalalumen<\/title>\n<meta name=\"description\" content=\"Cr\u00e9ateur de Kalalumen, Renato H\u00e4usler a r\u00e9alis\u00e9 plus de 120 \u00e9v\u00e9nements en Suisse, en France et \u00e0 Monaco.\" \/>\n<meta name=\"robots\" content=\"index, follow, max-snippet:-1, max-image-preview:large, max-video-preview:-1\" \/>\n<link rel=\"canonical\" href=\"https:\/\/www.kalalumen.ch\/accueil\/presentation-2\/\" \/>\n<meta property=\"og:locale\" content=\"fr_FR\" \/>\n<meta property=\"og:type\" content=\"article\" \/>\n<meta property=\"og:title\" content=\"Pr\u00e9sentation - Kalalumen\" \/>\n<meta property=\"og:description\" content=\"Cr\u00e9ateur de Kalalumen, Renato H\u00e4usler a r\u00e9alis\u00e9 plus de 120 \u00e9v\u00e9nements en Suisse, en France et \u00e0 Monaco.\" \/>\n<meta property=\"og:url\" content=\"https:\/\/www.kalalumen.ch\/accueil\/presentation-2\/\" \/>\n<meta property=\"og:site_name\" content=\"Kalalumen\" \/>\n<meta property=\"article:modified_time\" content=\"2026-03-03T11:42:55+00:00\" \/>\n<meta name=\"twitter:card\" content=\"summary_large_image\" \/>\n<meta name=\"twitter:label1\" content=\"Dur\u00e9e de lecture estim\u00e9e\" \/>\n\t<meta name=\"twitter:data1\" content=\"4 minutes\" \/>\n<script type=\"application\/ld+json\" class=\"yoast-schema-graph\">{\"@context\":\"https:\\\/\\\/schema.org\",\"@graph\":[{\"@type\":\"WebPage\",\"@id\":\"https:\\\/\\\/www.kalalumen.ch\\\/accueil\\\/presentation-2\\\/\",\"url\":\"https:\\\/\\\/www.kalalumen.ch\\\/accueil\\\/presentation-2\\\/\",\"name\":\"Pr\u00e9sentation - Kalalumen\",\"isPartOf\":{\"@id\":\"https:\\\/\\\/www.kalalumen.ch\\\/accueil\\\/#website\"},\"datePublished\":\"2019-03-03T10:45:24+00:00\",\"dateModified\":\"2026-03-03T11:42:55+00:00\",\"description\":\"Cr\u00e9ateur de Kalalumen, Renato H\u00e4usler a r\u00e9alis\u00e9 plus de 120 \u00e9v\u00e9nements en Suisse, en France et \u00e0 Monaco.\",\"breadcrumb\":{\"@id\":\"https:\\\/\\\/www.kalalumen.ch\\\/accueil\\\/presentation-2\\\/#breadcrumb\"},\"inLanguage\":\"fr-FR\",\"potentialAction\":[{\"@type\":\"ReadAction\",\"target\":[\"https:\\\/\\\/www.kalalumen.ch\\\/accueil\\\/presentation-2\\\/\"]}]},{\"@type\":\"BreadcrumbList\",\"@id\":\"https:\\\/\\\/www.kalalumen.ch\\\/accueil\\\/presentation-2\\\/#breadcrumb\",\"itemListElement\":[{\"@type\":\"ListItem\",\"position\":1,\"name\":\"Accueil\",\"item\":\"https:\\\/\\\/www.kalalumen.ch\\\/accueil\\\/\"},{\"@type\":\"ListItem\",\"position\":2,\"name\":\"Pr\u00e9sentation\"}]},{\"@type\":\"WebSite\",\"@id\":\"https:\\\/\\\/www.kalalumen.ch\\\/accueil\\\/#website\",\"url\":\"https:\\\/\\\/www.kalalumen.ch\\\/accueil\\\/\",\"name\":\"Kalalumen\",\"description\":\"Illuminations \u00e0 la bougie\",\"potentialAction\":[{\"@type\":\"SearchAction\",\"target\":{\"@type\":\"EntryPoint\",\"urlTemplate\":\"https:\\\/\\\/www.kalalumen.ch\\\/accueil\\\/?s={search_term_string}\"},\"query-input\":{\"@type\":\"PropertyValueSpecification\",\"valueRequired\":true,\"valueName\":\"search_term_string\"}}],\"inLanguage\":\"fr-FR\"}]}<\/script>\n<!-- \/ Yoast SEO plugin. -->","yoast_head_json":{"title":"Pr\u00e9sentation - Kalalumen","description":"Cr\u00e9ateur de Kalalumen, Renato H\u00e4usler a r\u00e9alis\u00e9 plus de 120 \u00e9v\u00e9nements en Suisse, en France et \u00e0 Monaco.","robots":{"index":"index","follow":"follow","max-snippet":"max-snippet:-1","max-image-preview":"max-image-preview:large","max-video-preview":"max-video-preview:-1"},"canonical":"https:\/\/www.kalalumen.ch\/accueil\/presentation-2\/","og_locale":"fr_FR","og_type":"article","og_title":"Pr\u00e9sentation - Kalalumen","og_description":"Cr\u00e9ateur de Kalalumen, Renato H\u00e4usler a r\u00e9alis\u00e9 plus de 120 \u00e9v\u00e9nements en Suisse, en France et \u00e0 Monaco.","og_url":"https:\/\/www.kalalumen.ch\/accueil\/presentation-2\/","og_site_name":"Kalalumen","article_modified_time":"2026-03-03T11:42:55+00:00","twitter_card":"summary_large_image","twitter_misc":{"Dur\u00e9e de lecture estim\u00e9e":"4 minutes"},"schema":{"@context":"https:\/\/schema.org","@graph":[{"@type":"WebPage","@id":"https:\/\/www.kalalumen.ch\/accueil\/presentation-2\/","url":"https:\/\/www.kalalumen.ch\/accueil\/presentation-2\/","name":"Pr\u00e9sentation - Kalalumen","isPartOf":{"@id":"https:\/\/www.kalalumen.ch\/accueil\/#website"},"datePublished":"2019-03-03T10:45:24+00:00","dateModified":"2026-03-03T11:42:55+00:00","description":"Cr\u00e9ateur de Kalalumen, Renato H\u00e4usler a r\u00e9alis\u00e9 plus de 120 \u00e9v\u00e9nements en Suisse, en France et \u00e0 Monaco.","breadcrumb":{"@id":"https:\/\/www.kalalumen.ch\/accueil\/presentation-2\/#breadcrumb"},"inLanguage":"fr-FR","potentialAction":[{"@type":"ReadAction","target":["https:\/\/www.kalalumen.ch\/accueil\/presentation-2\/"]}]},{"@type":"BreadcrumbList","@id":"https:\/\/www.kalalumen.ch\/accueil\/presentation-2\/#breadcrumb","itemListElement":[{"@type":"ListItem","position":1,"name":"Accueil","item":"https:\/\/www.kalalumen.ch\/accueil\/"},{"@type":"ListItem","position":2,"name":"Pr\u00e9sentation"}]},{"@type":"WebSite","@id":"https:\/\/www.kalalumen.ch\/accueil\/#website","url":"https:\/\/www.kalalumen.ch\/accueil\/","name":"Kalalumen","description":"Illuminations \u00e0 la bougie","potentialAction":[{"@type":"SearchAction","target":{"@type":"EntryPoint","urlTemplate":"https:\/\/www.kalalumen.ch\/accueil\/?s={search_term_string}"},"query-input":{"@type":"PropertyValueSpecification","valueRequired":true,"valueName":"search_term_string"}}],"inLanguage":"fr-FR"}]}},"_links":{"self":[{"href":"https:\/\/www.kalalumen.ch\/accueil\/wp-json\/wp\/v2\/pages\/1631","targetHints":{"allow":["GET"]}}],"collection":[{"href":"https:\/\/www.kalalumen.ch\/accueil\/wp-json\/wp\/v2\/pages"}],"about":[{"href":"https:\/\/www.kalalumen.ch\/accueil\/wp-json\/wp\/v2\/types\/page"}],"author":[{"embeddable":true,"href":"https:\/\/www.kalalumen.ch\/accueil\/wp-json\/wp\/v2\/users\/2"}],"replies":[{"embeddable":true,"href":"https:\/\/www.kalalumen.ch\/accueil\/wp-json\/wp\/v2\/comments?post=1631"}],"version-history":[{"count":60,"href":"https:\/\/www.kalalumen.ch\/accueil\/wp-json\/wp\/v2\/pages\/1631\/revisions"}],"predecessor-version":[{"id":3339,"href":"https:\/\/www.kalalumen.ch\/accueil\/wp-json\/wp\/v2\/pages\/1631\/revisions\/3339"}],"wp:attachment":[{"href":"https:\/\/www.kalalumen.ch\/accueil\/wp-json\/wp\/v2\/media?parent=1631"}],"wp:term":[{"taxonomy":"folder","embeddable":true,"href":"https:\/\/www.kalalumen.ch\/accueil\/wp-json\/wp\/v2\/folder?post=1631"}],"curies":[{"name":"wp","href":"https:\/\/api.w.org\/{rel}","templated":true}]}}